{"id":262,"date":"2026-02-16T12:51:47","date_gmt":"2026-02-16T15:51:47","guid":{"rendered":"https:\/\/novo.izadoraguimaraes.com.br\/?page_id=262"},"modified":"2026-02-18T09:24:39","modified_gmt":"2026-02-18T12:24:39","slug":"sobre","status":"publish","type":"page","link":"https:\/\/www.izadoraguimaraes.com.br\/en\/sobre\/","title":{"rendered":"About"},"content":{"rendered":"<div data-elementor-type=\"wp-page\" data-elementor-id=\"262\" class=\"elementor elementor-262\" data-elementor-post-type=\"page\">\n\t\t\t\t<div data-particle_enable=\"false\" data-particle-mobile-disabled=\"false\" class=\"elementor-element elementor-element-5e946aae e-flex e-con-boxed e-con e-parent\" data-id=\"5e946aae\" data-element_type=\"container\" data-e-type=\"container\" data-settings=\"{&quot;background_background&quot;:&quot;classic&quot;,&quot;ekit_has_onepagescroll_dot&quot;:&quot;yes&quot;}\">\n\t\t\t\t\t<div class=\"e-con-inner\">\n\t\t<div data-particle_enable=\"false\" data-particle-mobile-disabled=\"false\" class=\"elementor-element elementor-element-d33be1e e-con-full e-flex e-con e-child\" data-id=\"d33be1e\" data-element_type=\"container\" data-e-type=\"container\" data-settings=\"{&quot;ekit_has_onepagescroll_dot&quot;:&quot;yes&quot;}\">\n\t\t\t\t<div class=\"elementor-element elementor-element-882de57 elementor-widget elementor-widget-heading\" data-id=\"882de57\" data-element_type=\"widget\" data-e-type=\"widget\" data-settings=\"{&quot;ekit_we_effect_on&quot;:&quot;none&quot;}\" data-widget_type=\"heading.default\">\n\t\t\t\t\t<h2 class=\"elementor-heading-title elementor-size-default\">About<\/h2>\t\t\t\t<\/div>\n\t\t\t\t<\/div>\n\t\t\t\t\t<\/div>\n\t\t\t\t<\/div>\n\t\t<div data-particle_enable=\"false\" data-particle-mobile-disabled=\"false\" class=\"elementor-element elementor-element-8c2b13b e-flex e-con-boxed e-con e-parent\" data-id=\"8c2b13b\" data-element_type=\"container\" data-e-type=\"container\" data-settings=\"{&quot;background_background&quot;:&quot;classic&quot;,&quot;ekit_has_onepagescroll_dot&quot;:&quot;yes&quot;}\">\n\t\t\t\t\t<div class=\"e-con-inner\">\n\t\t<div data-particle_enable=\"false\" data-particle-mobile-disabled=\"false\" class=\"elementor-element elementor-element-7dc5f2d7 e-con-full animated-slow e-flex elementor-invisible e-con e-child\" data-id=\"7dc5f2d7\" data-element_type=\"container\" data-e-type=\"container\" data-settings=\"{&quot;background_background&quot;:&quot;classic&quot;,&quot;animation&quot;:&quot;fadeInLeft&quot;,&quot;ekit_has_onepagescroll_dot&quot;:&quot;yes&quot;}\">\n\t\t<div data-particle_enable=\"false\" data-particle-mobile-disabled=\"false\" class=\"elementor-element elementor-element-13730cf9 e-con-full e-flex e-con e-child\" data-id=\"13730cf9\" data-element_type=\"container\" data-e-type=\"container\" data-settings=\"{&quot;background_background&quot;:&quot;classic&quot;,&quot;ekit_has_onepagescroll_dot&quot;:&quot;yes&quot;}\">\n\t\t\t\t<\/div>\n\t\t\t\t<\/div>\n\t\t<div data-particle_enable=\"false\" data-particle-mobile-disabled=\"false\" class=\"elementor-element elementor-element-492972f6 e-con-full animated-slow e-flex elementor-invisible e-con e-child\" data-id=\"492972f6\" data-element_type=\"container\" data-e-type=\"container\" data-settings=\"{&quot;animation&quot;:&quot;fadeInRight&quot;,&quot;ekit_has_onepagescroll_dot&quot;:&quot;yes&quot;}\">\n\t\t<div data-particle_enable=\"false\" data-particle-mobile-disabled=\"false\" class=\"elementor-element elementor-element-361de1a1 e-con-full e-flex e-con e-child\" data-id=\"361de1a1\" data-element_type=\"container\" data-e-type=\"container\" data-settings=\"{&quot;ekit_has_onepagescroll_dot&quot;:&quot;yes&quot;}\">\n\t\t\t\t<div class=\"elementor-element elementor-element-72cd935c elementor-widget elementor-widget-heading\" data-id=\"72cd935c\" data-element_type=\"widget\" data-e-type=\"widget\" data-settings=\"{&quot;ekit_we_effect_on&quot;:&quot;none&quot;}\" data-widget_type=\"heading.default\">\n\t\t\t\t\t<h2 class=\"elementor-heading-title elementor-size-default\">Izadora Guimar\u00e3es<\/h2>\t\t\t\t<\/div>\n\t\t\t\t<div class=\"elementor-element elementor-element-188d1344 elementor-widget elementor-widget-text-editor\" data-id=\"188d1344\" data-element_type=\"widget\" data-e-type=\"widget\" data-settings=\"{&quot;ekit_we_effect_on&quot;:&quot;none&quot;}\" data-widget_type=\"text-editor.default\">\n\t\t\t\t\t\t\t\t\t<p>The menopause was a turning point in my life, not only because of the hormonal transition, but also because of the medical misinformation surrounding it.<\/p><p>After facing the serious consequences of an inappropriate prescription, I went through a period of physical, emotional and professional breakdown. Instead of silencing, I chose to understand. I immersed myself in evidence-based women's health, questioned outdated protocols and rebuilt my relationship with my own body and with information.<\/p><p>Today, I work at the intersection of strategy, influence and the 40+ female universe. My trajectory combines more than 30 years of professional practice in women's bodies and health with the construction of a communication, education and positioning ecosystem aimed at women after 40.<\/p><p>I am the creator and host of Menopause: Pleased to Meet You and I develop projects that connect experts, the market and real women in responsible conversations about health, identity, performance and transformation.<\/p><p>As well as working in the media, I give corporate and institutional talks, addressing female maturity from a market perspective, productive longevity and cultural impact.<\/p><p>I believe that women 40+ are a strategic, social and economic force. My job is to amplify this narrative with clarity, responsibility and consistent positioning.<\/p>\t\t\t\t\t\t\t\t<\/div>\n\t\t\t\t<\/div>\n\t\t\t\t<\/div>\n\t\t\t\t\t<\/div>\n\t\t\t\t<\/div>\n\t\t\t\t<\/div>\n\t\t\n    <div class=\"xs_social_share_widget xs_share_url after_content \t\tmain_content  wslu-style-1 wslu-share-box-shaped wslu-fill-colored wslu-none wslu-share-horizontal wslu-theme-font-no wslu-main_content\">\n\n\t\t\n        <ul>\n\t\t\t        <\/ul>\n    <\/div>","protected":false},"excerpt":{"rendered":"<p>Sobre Izadora Guimar\u00e3es A menopausa foi um ponto de virada na minha trajet\u00f3ria, n\u00e3o apenas pela transi\u00e7\u00e3o hormonal, mas pela desinforma\u00e7\u00e3o m\u00e9dica que a cercava. Ap\u00f3s enfrentar consequ\u00eancias graves de uma prescri\u00e7\u00e3o inadequada, atravessei um per\u00edodo de ruptura f\u00edsica, emocional e profissional. Em vez de silenciar, escolhi compreender. Mergulhei na sa\u00fade feminina baseada em evid\u00eancias, [&hellip;]<\/p>\n","protected":false},"author":1,"featured_media":0,"parent":0,"menu_order":0,"comment_status":"closed","ping_status":"closed","template":"","meta":{"postBodyCss":"","postBodyMargin":[],"postBodyPadding":[],"postBodyBackground":{"backgroundType":"classic","gradient":""},"footnotes":""},"class_list":["post-262","page","type-page","status-publish","hentry"],"yoast_head":"<!-- This site is optimized with the Yoast SEO Premium plugin v27.4 (Yoast SEO v27.4) - https:\/\/yoast.com\/product\/yoast-seo-premium-wordpress\/ -->\n<title>Sobre - Izadora Guimar\u00e3es<\/title>\n<meta name=\"robots\" content=\"index, follow, max-snippet:-1, max-image-preview:large, max-video-preview:-1\" \/>\n<link rel=\"canonical\" href=\"https:\/\/www.izadoraguimaraes.com.br\/en\/sobre\/\" \/>\n<meta property=\"og:locale\" content=\"en_US\" \/>\n<meta property=\"og:type\" content=\"article\" \/>\n<meta property=\"og:title\" content=\"Sobre\" \/>\n<meta property=\"og:description\" content=\"Sobre Izadora Guimar\u00e3es A menopausa foi um ponto de virada na minha trajet\u00f3ria, n\u00e3o apenas pela transi\u00e7\u00e3o hormonal, mas pela desinforma\u00e7\u00e3o m\u00e9dica que a cercava. Ap\u00f3s enfrentar consequ\u00eancias graves de uma prescri\u00e7\u00e3o inadequada, atravessei um per\u00edodo de ruptura f\u00edsica, emocional e profissional. Em vez de silenciar, escolhi compreender. Mergulhei na sa\u00fade feminina baseada em evid\u00eancias, [&hellip;]\" \/>\n<meta property=\"og:url\" content=\"https:\/\/www.izadoraguimaraes.com.br\/en\/sobre\/\" \/>\n<meta property=\"og:site_name\" content=\"Izadora Guimar\u00e3es\" \/>\n<meta property=\"article:modified_time\" content=\"2026-02-18T12:24:39+00:00\" \/>\n<meta name=\"twitter:card\" content=\"summary_large_image\" \/>\n<meta name=\"twitter:label1\" content=\"Est. reading time\" \/>\n\t<meta name=\"twitter:data1\" content=\"1 minute\" \/>\n<script type=\"application\/ld+json\" class=\"yoast-schema-graph\">{\"@context\":\"https:\\\/\\\/schema.org\",\"@graph\":[{\"@type\":\"WebPage\",\"@id\":\"https:\\\/\\\/www.izadoraguimaraes.com.br\\\/sobre\\\/\",\"url\":\"https:\\\/\\\/www.izadoraguimaraes.com.br\\\/sobre\\\/\",\"name\":\"Sobre - Izadora Guimar\u00e3es\",\"isPartOf\":{\"@id\":\"https:\\\/\\\/www.izadoraguimaraes.com.br\\\/#website\"},\"datePublished\":\"2026-02-16T15:51:47+00:00\",\"dateModified\":\"2026-02-18T12:24:39+00:00\",\"breadcrumb\":{\"@id\":\"https:\\\/\\\/www.izadoraguimaraes.com.br\\\/sobre\\\/#breadcrumb\"},\"inLanguage\":\"en-US\",\"potentialAction\":[{\"@type\":\"ReadAction\",\"target\":[\"https:\\\/\\\/www.izadoraguimaraes.com.br\\\/sobre\\\/\"]}]},{\"@type\":\"BreadcrumbList\",\"@id\":\"https:\\\/\\\/www.izadoraguimaraes.com.br\\\/sobre\\\/#breadcrumb\",\"itemListElement\":[{\"@type\":\"ListItem\",\"position\":1,\"name\":\"In\u00edcio\",\"item\":\"https:\\\/\\\/www.izadoraguimaraes.com.br\\\/\"},{\"@type\":\"ListItem\",\"position\":2,\"name\":\"Sobre\"}]},{\"@type\":\"WebSite\",\"@id\":\"https:\\\/\\\/www.izadoraguimaraes.com.br\\\/#website\",\"url\":\"https:\\\/\\\/www.izadoraguimaraes.com.br\\\/\",\"name\":\"Izadora Guimar\u00e3es\",\"description\":\"Izadora Guimar\u00e3es \u00e9 criadora do Podcast Menopausa: Muito Prazer! e refer\u00eancia em estrat\u00e9gia, sa\u00fade e influ\u00eancia para mulheres no mercado e na vida 40+.\",\"publisher\":{\"@id\":\"https:\\\/\\\/www.izadoraguimaraes.com.br\\\/#organization\"},\"alternateName\":\"Izadora Guimar\u00e3es 40+\",\"potentialAction\":[{\"@type\":\"SearchAction\",\"target\":{\"@type\":\"EntryPoint\",\"urlTemplate\":\"https:\\\/\\\/www.izadoraguimaraes.com.br\\\/?s={search_term_string}\"},\"query-input\":{\"@type\":\"PropertyValueSpecification\",\"valueRequired\":true,\"valueName\":\"search_term_string\"}}],\"inLanguage\":\"en-US\"},{\"@type\":\"Organization\",\"@id\":\"https:\\\/\\\/www.izadoraguimaraes.com.br\\\/#organization\",\"name\":\"Izadora Guimar\u00e3es\",\"alternateName\":\"Iza Guimar\u00e3es\",\"url\":\"https:\\\/\\\/www.izadoraguimaraes.com.br\\\/\",\"logo\":{\"@type\":\"ImageObject\",\"inLanguage\":\"en-US\",\"@id\":\"https:\\\/\\\/www.izadoraguimaraes.com.br\\\/#\\\/schema\\\/logo\\\/image\\\/\",\"url\":\"https:\\\/\\\/www.izadoraguimaraes.com.br\\\/wp-content\\\/uploads\\\/2026\\\/02\\\/cropped-logo_Host_Iza.png\",\"contentUrl\":\"https:\\\/\\\/www.izadoraguimaraes.com.br\\\/wp-content\\\/uploads\\\/2026\\\/02\\\/cropped-logo_Host_Iza.png\",\"width\":2000,\"height\":805,\"caption\":\"Izadora Guimar\u00e3es\"},\"image\":{\"@id\":\"https:\\\/\\\/www.izadoraguimaraes.com.br\\\/#\\\/schema\\\/logo\\\/image\\\/\"},\"sameAs\":[\"https:\\\/\\\/www.youtube.com\\\/@IzadoraGuimaraes\",\"https:\\\/\\\/instagram.com\\\/izaguimaraes\",\"https:\\\/\\\/www.linkedin.com\\\/in\\\/izadora-guimaraes\\\/\",\"https:\\\/\\\/tiktok.com\\\/@izaguimaraesoficial\",\"https:\\\/\\\/open.spotify.com\\\/show\\\/7GDu02bY0gkvsTDGURPCgy?si=35b9aeae0bba44e9\"],\"description\":\"Izadora Guimar\u00e3es \u00e9 uma plataforma de conte\u00fado, influ\u00eancia e estrat\u00e9gia dedicada ao universo feminino 40+. Atrav\u00e9s de Podcast, Comunica\u00e7\u00e3o Multiplataforma, Palestras e Projetos Autorais, promove conversas respons\u00e1veis sobre menopausa, sa\u00fade da mulher, mercado e transforma\u00e7\u00e3o na vida adulta.\",\"email\":\"press@izadoraguimaraes.com.br\",\"telephone\":\"+55 11 91238-6683\",\"legalName\":\"AllUp Life Solutions LTDA\",\"foundingDate\":\"2023-01-09\",\"vatID\":\"49.125.301\\\/0001-30\",\"taxID\":\"136.757.918-07\",\"numberOfEmployees\":{\"@type\":\"QuantitativeValue\",\"minValue\":\"1\",\"maxValue\":\"10\"},\"ownershipFundingInfo\":\"https:\\\/\\\/www.izadoraguimaraes.com.br\\\/sobre\\\/\"}]}<\/script>\n<!-- \/ Yoast SEO Premium plugin. -->","yoast_head_json":{"title":"Sobre - Izadora Guimar\u00e3es","robots":{"index":"index","follow":"follow","max-snippet":"max-snippet:-1","max-image-preview":"max-image-preview:large","max-video-preview":"max-video-preview:-1"},"canonical":"https:\/\/www.izadoraguimaraes.com.br\/en\/sobre\/","og_locale":"en_US","og_type":"article","og_title":"Sobre","og_description":"Sobre Izadora Guimar\u00e3es A menopausa foi um ponto de virada na minha trajet\u00f3ria, n\u00e3o apenas pela transi\u00e7\u00e3o hormonal, mas pela desinforma\u00e7\u00e3o m\u00e9dica que a cercava. Ap\u00f3s enfrentar consequ\u00eancias graves de uma prescri\u00e7\u00e3o inadequada, atravessei um per\u00edodo de ruptura f\u00edsica, emocional e profissional. Em vez de silenciar, escolhi compreender. Mergulhei na sa\u00fade feminina baseada em evid\u00eancias, [&hellip;]","og_url":"https:\/\/www.izadoraguimaraes.com.br\/en\/sobre\/","og_site_name":"Izadora Guimar\u00e3es","article_modified_time":"2026-02-18T12:24:39+00:00","twitter_card":"summary_large_image","twitter_misc":{"Est. reading time":"1 minute"},"schema":{"@context":"https:\/\/schema.org","@graph":[{"@type":"WebPage","@id":"https:\/\/www.izadoraguimaraes.com.br\/sobre\/","url":"https:\/\/www.izadoraguimaraes.com.br\/sobre\/","name":"Sobre - Izadora Guimar\u00e3es","isPartOf":{"@id":"https:\/\/www.izadoraguimaraes.com.br\/#website"},"datePublished":"2026-02-16T15:51:47+00:00","dateModified":"2026-02-18T12:24:39+00:00","breadcrumb":{"@id":"https:\/\/www.izadoraguimaraes.com.br\/sobre\/#breadcrumb"},"inLanguage":"en-US","potentialAction":[{"@type":"ReadAction","target":["https:\/\/www.izadoraguimaraes.com.br\/sobre\/"]}]},{"@type":"BreadcrumbList","@id":"https:\/\/www.izadoraguimaraes.com.br\/sobre\/#breadcrumb","itemListElement":[{"@type":"ListItem","position":1,"name":"In\u00edcio","item":"https:\/\/www.izadoraguimaraes.com.br\/"},{"@type":"ListItem","position":2,"name":"Sobre"}]},{"@type":"WebSite","@id":"https:\/\/www.izadoraguimaraes.com.br\/#website","url":"https:\/\/www.izadoraguimaraes.com.br\/","name":"Izadora Guimar\u00e3es","description":"Izadora Guimar\u00e3es is the creator of the Menopause Podcast: Muito Prazer! and a reference in strategy, health and influence for women in the market and in life 40+.","publisher":{"@id":"https:\/\/www.izadoraguimaraes.com.br\/#organization"},"alternateName":"Izadora Guimar\u00e3es 40+","potentialAction":[{"@type":"SearchAction","target":{"@type":"EntryPoint","urlTemplate":"https:\/\/www.izadoraguimaraes.com.br\/?s={search_term_string}"},"query-input":{"@type":"PropertyValueSpecification","valueRequired":true,"valueName":"search_term_string"}}],"inLanguage":"en-US"},{"@type":"Organization","@id":"https:\/\/www.izadoraguimaraes.com.br\/#organization","name":"Izadora Guimar\u00e3es","alternateName":"Iza Guimar\u00e3es","url":"https:\/\/www.izadoraguimaraes.com.br\/","logo":{"@type":"ImageObject","inLanguage":"en-US","@id":"https:\/\/www.izadoraguimaraes.com.br\/#\/schema\/logo\/image\/","url":"https:\/\/www.izadoraguimaraes.com.br\/wp-content\/uploads\/2026\/02\/cropped-logo_Host_Iza.png","contentUrl":"https:\/\/www.izadoraguimaraes.com.br\/wp-content\/uploads\/2026\/02\/cropped-logo_Host_Iza.png","width":2000,"height":805,"caption":"Izadora Guimar\u00e3es"},"image":{"@id":"https:\/\/www.izadoraguimaraes.com.br\/#\/schema\/logo\/image\/"},"sameAs":["https:\/\/www.youtube.com\/@IzadoraGuimaraes","https:\/\/instagram.com\/izaguimaraes","https:\/\/www.linkedin.com\/in\/izadora-guimaraes\/","https:\/\/tiktok.com\/@izaguimaraesoficial","https:\/\/open.spotify.com\/show\/7GDu02bY0gkvsTDGURPCgy?si=35b9aeae0bba44e9"],"description":"Izadora Guimar\u00e3es is a content, influence and strategy platform dedicated to the 40+ female universe. Through Podcast, Multiplatform Communication, Lectures and Authorial Projects, she promotes responsible conversations about menopause, women's health, the market and transformation in adult life.","email":"press@izadoraguimaraes.com.br","telephone":"+55 11 91238-6683","legalName":"AllUp Life Solutions LTDA","foundingDate":"2023-01-09","vatID":"49.125.301\/0001-30","taxID":"136.757.918-07","numberOfEmployees":{"@type":"QuantitativeValue","minValue":"1","maxValue":"10"},"ownershipFundingInfo":"https:\/\/www.izadoraguimaraes.com.br\/sobre\/"}]}},"_links":{"self":[{"href":"https:\/\/www.izadoraguimaraes.com.br\/en\/wp-json\/wp\/v2\/pages\/262","targetHints":{"allow":["GET"]}}],"collection":[{"href":"https:\/\/www.izadoraguimaraes.com.br\/en\/wp-json\/wp\/v2\/pages"}],"about":[{"href":"https:\/\/www.izadoraguimaraes.com.br\/en\/wp-json\/wp\/v2\/types\/page"}],"author":[{"embeddable":true,"href":"https:\/\/www.izadoraguimaraes.com.br\/en\/wp-json\/wp\/v2\/users\/1"}],"replies":[{"embeddable":true,"href":"https:\/\/www.izadoraguimaraes.com.br\/en\/wp-json\/wp\/v2\/comments?post=262"}],"version-history":[{"count":19,"href":"https:\/\/www.izadoraguimaraes.com.br\/en\/wp-json\/wp\/v2\/pages\/262\/revisions"}],"predecessor-version":[{"id":711,"href":"https:\/\/www.izadoraguimaraes.com.br\/en\/wp-json\/wp\/v2\/pages\/262\/revisions\/711"}],"wp:attachment":[{"href":"https:\/\/www.izadoraguimaraes.com.br\/en\/wp-json\/wp\/v2\/media?parent=262"}],"curies":[{"name":"wp","href":"https:\/\/api.w.org\/{rel}","templated":true}]}}